{"id":47,"date":"2022-06-01T19:27:28","date_gmt":"2022-06-01T19:27:28","guid":{"rendered":"http:\/\/project-logistics.at\/?page_id=47"},"modified":"2024-10-14T10:37:06","modified_gmt":"2024-10-14T10:37:06","slug":"impressum","status":"publish","type":"page","link":"https:\/\/project-logistics.at\/en\/impressum\/","title":{"rendered":"privacy policy"},"content":{"rendered":"<p>[et_pb_section fb_built=&#8220;1&#8243; _builder_version=&#8220;4.17.4&#8243; _module_preset=&#8220;default&#8220; global_colors_info=&#8220;{}&#8220;][et_pb_row custom_padding_last_edited=&#8220;on|phone&#8220; _builder_version=&#8220;4.17.4&#8243; _module_preset=&#8220;default&#8220; custom_padding=&#8220;7vh||7vh||true|false&#8220; custom_padding_tablet=&#8220;3vh||3vh||true|false&#8220; custom_padding_phone=&#8220;3vh||3vh||true|false&#8220; global_colors_info=&#8220;{}&#8220;][et_pb_column type=&#8220;4_4&#8243; _builder_version=&#8220;4.17.4&#8243; _module_preset=&#8220;default&#8220; global_colors_info=&#8220;{}&#8220;][et_pb_text _builder_version=&#8220;4.17.4&#8243; _module_preset=&#8220;default&#8220; hover_enabled=&#8220;0&#8243; global_colors_info=&#8220;{}&#8220; sticky_enabled=&#8220;0&#8243;]<\/p>\n<h1 style=\"text-align: center;\">privacy policy<\/h1>\n<p>[\/et_pb_text][et_pb_text _builder_version=&#8220;4.27.2&#8243; _module_preset=&#8220;default&#8220; width=&#8220;100%&#8220; module_alignment=&#8220;center&#8220; custom_padding=&#8220;|10vw||10vw|false|true&#8220; custom_padding_tablet=&#8220;|0vw||0vw|false|true&#8220; custom_padding_phone=&#8220;|0vw||0vw|false|true&#8220; custom_padding_last_edited=&#8220;on|phone&#8220; hover_enabled=&#8220;0&#8243; global_colors_info=&#8220;{}&#8220; sticky_enabled=&#8220;0&#8243;]<\/p>\n<p><strong>INFORMATION LT. \u00a75 E-COMMERCE GESETZ<\/strong><\/p>\n<p><strong><\/strong><\/p>\n<p><strong>Project Logistics GmbH<\/strong><\/p>\nOberndorferstra\u00dfe 33\/A\/15\n5020 Salzburg\n\u00d6sterreich\n<p>&nbsp;<\/p>\n<p>Unternehmensgegenstand: Spedition<br \/>UID-Nummer: ATU73804412<br \/>Firmenbuchnummer: FN 502267 d<br \/>Firmenbuchgericht: Salzburg<br \/>Firmensitz: 5020 Salzburg<\/p>\n<p>Gesch\u00e4ftsf\u00fchrer<br \/>Peter M\u00fcller, Laber Fetahaj<br \/>E-Mail: office@project-logistics.at<\/p>\n<p>Mitglied bei: Wirtschaftskammer Salzburg<br \/>Berufsrecht: Gewerbeordnung: www.ris.bka.gv.at<\/p>\n<p>Wir arbeiten ausschlie\u00dflich gem\u00e4\u00df den \u201cAllgemeinen \u00d6sterreichischen Spediteurbedingungen (A\u00d6Sp)\u201d, jeweils neueste Fassung, sowie nach den jeweiligen allgemeinen Bedingungen zu Transport, Lager, Umschlag und Konnossement der von uns beauftragten Frachtf\u00fchrer und Reedereien.<\/p>\n<p>&nbsp;<\/p>\n<p><strong>Fotos<\/strong><\/p>\n<p><a href=\"http:\/\/www.adobestock.com\">www.adobestock.com<\/a><\/p>\n<p><a href=\"http:\/\/www.shutterstock.com\">www.shutterstock.com<\/a><\/p>\n<p><a href=\"http:\/\/www.freepick.com\">www.freepick.com<\/a><\/p>\n<p>Teamfotos: Project Logistics GmbH<\/p>\n<p>&nbsp;<\/p>\n<p><strong>Haftungsausschluss f\u00fcr Inhalte<\/strong><br \/>Trotz gr\u00f6\u00dftm\u00f6glicher Sorgfalt k\u00f6nnen wir keine Haftung f\u00fcr die Korrektheit, Vollst\u00e4ndigkeit und Aktualit\u00e4t der Inhalte unserer Website \u00fcbernehmen. \u00c4nderungen sind vorbehalten. Die Inhalte dienen ausschlie\u00dflich der allgemeinen Information und ersetzen keine Beratung!<\/p>\n<p><strong>Haftung f\u00fcr Links<\/strong><br \/>Diese Website enth\u00e4lt Links (Verkn\u00fcpfungen) zu Websites, die von Dritten angeboten werden. Diese Verlinkung ist als reines Service zu betrachten. Wir \u00fcbernehmen keine Haftung f\u00fcr die Inhalte verlinkter Seiten.<\/p>\n<p><strong>Urheberrecht<\/strong><br \/>Alle Inhalte und Werke auf unseren Seiten unterliegen dem Urheberrecht. Jede Art der Verbreitung bedarf unserer schriftlichen Zustimmung.<\/p>\n<p>&nbsp;<\/p>\n<p>[\/et_pb_text][\/et_pb_column][\/et_pb_row][\/et_pb_section]<\/p>","protected":false},"excerpt":{"rendered":"<p>ImpressumINFORMATION LT. \u00a75 E-COMMERCE GESETZ Project Logistics GmbH Oberndorferstra\u00dfe 33\/A\/15 5020 Salzburg \u00d6sterreich &nbsp; Unternehmensgegenstand: SpeditionUID-Nummer: ATU73804412Firmenbuchnummer: FN 502267 dFirmenbuchgericht: SalzburgFirmensitz: 5020 Salzburg Gesch\u00e4ftsf\u00fchrerPeter M\u00fcller, Laber FetahajE-Mail: office@project-logistics.at Mitglied bei: Wirtschaftskammer SalzburgBerufsrecht: Gewerbeordnung: www.ris.bka.gv.at Wir arbeiten ausschlie\u00dflich gem\u00e4\u00df den \u201cAllgemeinen \u00d6sterreichischen Spediteurbedingungen (A\u00d6Sp)\u201d, jeweils neueste Fassung, sowie nach den jeweiligen [&hellip;]<\/p>","protected":false},"author":1,"featured_media":0,"parent":0,"menu_order":120,"comment_status":"closed","ping_status":"closed","template":"","meta":{"_acf_changed":false,"_et_pb_use_builder":"on","_et_pb_old_content":"","_et_gb_content_width":"","footnotes":""},"class_list":["post-47","page","type-page","status-publish","hentry"],"acf":[],"_links":{"self":[{"href":"https:\/\/project-logistics.at\/en\/wp-json\/wp\/v2\/pages\/47"}],"collection":[{"href":"https:\/\/project-logistics.at\/en\/wp-json\/wp\/v2\/pages"}],"about":[{"href":"https:\/\/project-logistics.at\/en\/wp-json\/wp\/v2\/types\/page"}],"author":[{"embeddable":true,"href":"https:\/\/project-logistics.at\/en\/wp-json\/wp\/v2\/users\/1"}],"replies":[{"embeddable":true,"href":"https:\/\/project-logistics.at\/en\/wp-json\/wp\/v2\/comments?post=47"}],"version-history":[{"count":9,"href":"https:\/\/project-logistics.at\/en\/wp-json\/wp\/v2\/pages\/47\/revisions"}],"predecessor-version":[{"id":243025,"href":"https:\/\/project-logistics.at\/en\/wp-json\/wp\/v2\/pages\/47\/revisions\/243025"}],"wp:attachment":[{"href":"https:\/\/project-logistics.at\/en\/wp-json\/wp\/v2\/media?parent=47"}],"curies":[{"name":"wp","href":"https:\/\/api.w.org\/{rel}","templated":true}]}}