{"id":30,"date":"2022-05-24T18:55:41","date_gmt":"2022-05-24T18:55:41","guid":{"rendered":"http:\/\/project-logistics.at\/?page_id=30"},"modified":"2022-06-24T17:06:49","modified_gmt":"2022-06-24T17:06:49","slug":"kontakt","status":"publish","type":"page","link":"https:\/\/project-logistics.at\/en\/kontakt\/","title":{"rendered":"Contact"},"content":{"rendered":"<p>[et_pb_section fb_built=&#8220;1&#8243; next_background_color=&#8220;#F0F0F0&#8243; _builder_version=&#8220;4.17.4&#8243; _module_preset=&#8220;default&#8220; background_color=&#8220;#D5E9E9&#8243; background_image=&#8220;https:\/\/project-logistics.at\/wp-content\/uploads\/2022\/06\/Contactus-2.jpg&#8220; background_position=&#8220;bottom_left&#8220; background_repeat=&#8220;repeat&#8220; bottom_divider_style=&#8220;arrow2&#8243; bottom_divider_height=&#8220;57px&#8220; bottom_divider_style_tablet=&#8220;arrow2&#8243; bottom_divider_style_phone=&#8220;arrow2&#8243; bottom_divider_style_last_edited=&#8220;on|desktop&#8220; bottom_divider_height_tablet=&#8220;74px&#8220; bottom_divider_height_phone=&#8220;57px&#8220; bottom_divider_height_last_edited=&#8220;on|phone&#8220; background_last_edited=&#8220;on|phone&#8220; background_position_tablet=&#8220;center_right&#8220; background_position_phone=&#8220;top_right&#8220; background_horizontal_offset_tablet=&#8220;72%&#8220; background_horizontal_offset_phone=&#8220;78%&#8220; background_vertical_offset_phone=&#8220;51%&#8220; global_colors_info=&#8220;{}&#8220;][et_pb_row _builder_version=&#8220;4.17.4&#8243; _module_preset=&#8220;default&#8220; module_alignment=&#8220;center&#8220; min_height=&#8220;48vh&#8220; min_height_tablet=&#8220;30vh&#8220; min_height_phone=&#8220;20vh&#8220; min_height_last_edited=&#8220;on|phone&#8220; custom_margin=&#8220;0px||0px||false|false&#8220; custom_padding=&#8220;0px||0px||false|false&#8220; global_colors_info=&#8220;{}&#8220;][et_pb_column type=&#8220;4_4&#8243; _builder_version=&#8220;4.17.4&#8243; _module_preset=&#8220;default&#8220; custom_padding=&#8220;0px||0px||false|false&#8220; global_colors_info=&#8220;{}&#8220;][et_pb_code _builder_version=&#8220;4.17.4&#8243; _module_preset=&#8220;default&#8220; global_colors_info=&#8220;{}&#8220;][\/et_pb_code][\/et_pb_column][\/et_pb_row][\/et_pb_section][et_pb_section fb_built=&#8220;1&#8243; _builder_version=&#8220;4.17.4&#8243; _module_preset=&#8220;default&#8220; background_color=&#8220;#F0F0F0&#8243; custom_margin=&#8220;0px||||false|false&#8220; custom_margin_tablet=&#8220;0px||||false|false&#8220; custom_margin_phone=&#8220;0px||||false|false&#8220; custom_margin_last_edited=&#8220;on|desktop&#8220; custom_padding=&#8220;5vh||||false|false&#8220; global_colors_info=&#8220;{}&#8220;][et_pb_row column_structure=&#8220;1_2,1_2&#8243; _builder_version=&#8220;4.17.4&#8243; _module_preset=&#8220;default&#8220; custom_margin_tablet=&#8220;&#8220; custom_margin_phone=&#8220;-1px||-1px||false|false&#8220; custom_margin_last_edited=&#8220;on|phone&#8220; custom_padding=&#8220;0px||0px||false|false&#8220; global_colors_info=&#8220;{}&#8220;][et_pb_column type=&#8220;1_2&#8243; _builder_version=&#8220;4.17.4&#8243; _module_preset=&#8220;default&#8220; global_colors_info=&#8220;{}&#8220;][\/et_pb_column][et_pb_column type=&#8220;1_2&#8243; _builder_version=&#8220;4.17.4&#8243; _module_preset=&#8220;default&#8220; global_colors_info=&#8220;{}&#8220;][et_pb_text _builder_version=&#8220;4.17.4&#8243; _module_preset=&#8220;default&#8220; custom_margin=&#8220;0px||16px||false|false&#8220; custom_padding=&#8220;1px||1px||false|false&#8220; global_colors_info=&#8220;{}&#8220;]<\/p>\n<p><strong>Get in touch with us now!<\/strong><\/p>\n<p>[\/et_pb_text][et_pb_text _builder_version=&#8220;4.17.4&#8243; _module_preset=&#8220;default&#8220; custom_margin=&#8220;0px||0px||true|false&#8220; custom_padding=&#8220;0px||0px||false|false&#8220; global_colors_info=&#8220;{}&#8220;]<\/p>\n<h1><strong>How can we assist you?<br \/><\/strong><\/h1>\n<p>[\/et_pb_text][et_pb_text _builder_version=&#8220;4.17.4&#8243; _module_preset=&#8220;default&#8220; global_colors_info=&#8220;{}&#8220;]Haben Sie Fragen zu unserem Angebot oder ben\u00f6tigen Sie Informationen zu einem anderen Anliegen?  Nutzen Sie das Kontaktformular und schreiben Sie uns eine Nachricht \u2013 wir sind gerne f\u00fcr Sie da und beantworten Ihre Anfrage schnellstm\u00f6glich.[\/et_pb_text][\/et_pb_column][\/et_pb_row][\/et_pb_section][et_pb_section fb_built=&#8220;1&#8243; make_equal=&#8220;on&#8220; use_custom_gutter=&#8220;on&#8220; gutter_width=&#8220;1&#8243; specialty=&#8220;on&#8220; custom_padding_last_edited=&#8220;on|phone&#8220; background_color_1=&#8220;#FFFFFF&#8220; background_color_2=&#8220;#87CDCD&#8220; use_background_color_gradient_2=&#8220;on&#8220; background_color_gradient_stops_2=&#8220;#87cdcd 2%|#003b4c 100%&#8220; padding_top_1=&#8220;4vh&#8220; padding_top_2=&#8220;4vh&#8220; padding_right_1=&#8220;4vh&#8220; padding_right_2=&#8220;4vh&#8220; padding_bottom_1=&#8220;4vh&#8220; padding_bottom_2=&#8220;4vh&#8220; padding_left_1=&#8220;4vh&#8220; padding_left_2=&#8220;4vh&#8220; padding_top_bottom_link_1=&#8220;true&#8220; padding_top_bottom_link_2=&#8220;false&#8220; padding_left_right_link_1=&#8220;false&#8220; padding_left_right_link_2=&#8220;false&#8220; padding_1_tablet=&#8220;&#8220; padding_2_tablet=&#8220;&#8220; padding_1_phone=&#8220;4vh|4vh|4vh|4vh|true|true&#8220; padding_2_phone=&#8220;4vh|4vh|4vh|4vh|false|true&#8220; padding_1_last_edited=&#8220;on|phone&#8220; padding_2_last_edited=&#8220;on|phone&#8220; _builder_version=&#8220;4.17.4&#8243; _module_preset=&#8220;default&#8220; background_color=&#8220;RGBA(255,255,255,0)&#8220; width_tablet=&#8220;&#8220; width_phone=&#8220;100%&#8220; width_last_edited=&#8220;on|phone&#8220; inner_width_tablet=&#8220;&#8220; inner_width_phone=&#8220;100%&#8220; inner_width_last_edited=&#8220;on|phone&#8220; custom_margin=&#8220;0px|||0px|false|false&#8220; custom_margin_tablet=&#8220;0px|||0px|false|false&#8220; custom_margin_phone=&#8220;|-1px||-1px|false|false&#8220; custom_margin_last_edited=&#8220;on|phone&#8220; custom_padding=&#8220;10vh||10vh||true|false&#8220; custom_padding_tablet=&#8220;10vh||10vh||true|false&#8220; custom_padding_phone=&#8220;2vh|0px|0vh|0px|false|false&#8220; global_colors_info=&#8220;{}&#8220;][et_pb_column type=&#8220;1_2&#8243; _builder_version=&#8220;4.16&#8243; custom_padding=&#8220;|||&#8220; global_colors_info=&#8220;{}&#8220; custom_padding__hover=&#8220;|||&#8220;][et_pb_text _builder_version=&#8220;4.17.4&#8243; _module_preset=&#8220;default&#8220; header_font=&#8220;|600|||||||&#8220; header_text_color=&#8220;#2B2B2B&#8220; header_font_size=&#8220;1.5rem&#8220; header_2_font=&#8220;|600|||||||&#8220; header_2_text_color=&#8220;#FFFFFF&#8220; header_2_font_size=&#8220;1.3rem&#8220; custom_margin=&#8220;0px||0px||false|false&#8220; custom_padding=&#8220;0px||3px||false|false&#8220; global_colors_info=&#8220;{}&#8220;]<\/p>\n<h1>We look forward to hearing from you!<\/h1>\n<p>[\/et_pb_text][et_pb_text admin_label=&#8220;Text&#8220; _builder_version=&#8220;4.17.4&#8243; _module_preset=&#8220;default&#8220; header_font=&#8220;|800|||||||&#8220; header_text_color=&#8220;#FFFFFF&#8220; header_font_size=&#8220;2.5rem&#8220; header_2_font=&#8220;|800|||||||&#8220; header_2_text_color=&#8220;#2B2B2B&#8220; header_2_font_size=&#8220;2.7rem&#8220; custom_margin=&#8220;-1px||-1px||false|false&#8220; custom_padding=&#8220;0px||0px||false|false&#8220; global_colors_info=&#8220;{}&#8220;]<\/p>\n<h2>SEND MESSAGE.<\/h2>\n<p>[\/et_pb_text][dvppl_cf7_styler use_form_button_fullwidth=&#8220;on&#8220; cf7=&#8220;241927&#8243; form_field_height=&#8220;2.5rem&#8220; form_background_color=&#8220;#F0F0F0&#8243; form_field_active_color=&#8220;#D5E9E9&#8243; _builder_version=&#8220;4.17.4&#8243; _module_preset=&#8220;default&#8220; form_field_font_text_color=&#8220;#787878&#8243; form_field_font_font_size=&#8220;0.8rem&#8220; custom_submit_button=&#8220;on&#8220; submit_button_text_color=&#8220;#FFFFFF&#8220; submit_button_bg_color=&#8220;#00A5A5&#8243; submit_button_border_color=&#8220;RGBA(255,255,255,0)&#8220; submit_button_custom_margin=&#8220;11px|0px||0px|false|false&#8220; submit_button_custom_margin_tablet=&#8220;|0px||0px|false|false&#8220; submit_button_custom_margin_phone=&#8220;|0px||0px|false|false&#8220; submit_button_custom_margin_last_edited=&#8220;on|desktop&#8220; module_alignment=&#8220;right&#8220; border_color_all_field=&#8220;#F0F0F0&#8243; global_colors_info=&#8220;{}&#8220; submit_button_bg_color__hover_enabled=&#8220;on|desktop&#8220; submit_button_bg_color__hover=&#8220;#D5E9E9&#8243; submit_button_bg_enable_color__hover=&#8220;on&#8220; submit_button_border_radius__hover_enabled=&#8220;on|desktop&#8220;][\/dvppl_cf7_styler][et_pb_code _builder_version=&#8220;4.17.4&#8243; _module_preset=&#8220;default&#8220; hover_enabled=&#8220;0&#8243; global_colors_info=&#8220;{}&#8220; sticky_enabled=&#8220;0&#8243;]<\/p>\n<style><!-- [et_pb_line_break_holder] --><!-- [et_pb_line_break_holder] -->body {<!-- [et_pb_line_break_holder] --><!-- [et_pb_line_break_holder] -->background-color:#f0f0f0;<!-- [et_pb_line_break_holder] -->  }<!-- [et_pb_line_break_holder] -->  <!-- [et_pb_line_break_holder] -->  .wpcf7-list-item-label{<!-- [et_pb_line_break_holder] -->    font-size: 0.8rem;<!-- [et_pb_line_break_holder] -->  }<!-- [et_pb_line_break_holder] -->  <!-- [et_pb_line_break_holder] -->  <!-- [et_pb_line_break_holder] -->  <!-- [et_pb_line_break_holder] --><\/style>\n<p>[\/et_pb_code][\/et_pb_column][et_pb_column type=&#8220;1_2&#8243; specialty_columns=&#8220;2&#8243; _builder_version=&#8220;4.16&#8243; custom_padding=&#8220;|||&#8220; global_colors_info=&#8220;{}&#8220; custom_padding__hover=&#8220;|||&#8220;][et_pb_row_inner _builder_version=&#8220;4.17.4&#8243; _module_preset=&#8220;default&#8220; module_alignment=&#8220;center&#8220; custom_margin=&#8220;0px||0px||false|false&#8220; custom_padding=&#8220;0px||23px||false|false&#8220; global_colors_info=&#8220;{}&#8220;][et_pb_column_inner saved_specialty_column_type=&#8220;1_2&#8243; _builder_version=&#8220;4.17.4&#8243; _module_preset=&#8220;default&#8220; global_colors_info=&#8220;{}&#8220;][et_pb_text _builder_version=&#8220;4.17.4&#8243; _module_preset=&#8220;default&#8220; header_font=&#8220;|600|||||||&#8220; header_text_color=&#8220;#FFFFFF&#8220; header_font_size=&#8220;1.5rem&#8220; header_2_font=&#8220;|600|||||||&#8220; header_2_text_color=&#8220;#FFFFFF&#8220; header_2_font_size=&#8220;1.3rem&#8220; custom_margin=&#8220;0px||0px||false|false&#8220; custom_padding=&#8220;0px||3px||false|false&#8220; global_colors_info=&#8220;{}&#8220;]<\/p>\n<h1>Our contact details<\/h1>\n<p>[\/et_pb_text][et_pb_text admin_label=&#8220;Text&#8220; _builder_version=&#8220;4.17.4&#8243; _module_preset=&#8220;default&#8220; header_font=&#8220;|800|||||||&#8220; header_text_color=&#8220;#FFFFFF&#8220; header_font_size=&#8220;2.5rem&#8220; header_2_font=&#8220;|800|||||||&#8220; header_2_text_color=&#8220;#FFFFFF&#8220; header_2_font_size=&#8220;2.7rem&#8220; custom_margin=&#8220;-1px||-1px||false|false&#8220; custom_padding=&#8220;0px||0px||false|false&#8220; global_colors_info=&#8220;{}&#8220;]<\/p>\n<h2>HERE'S HOW TO REACH US.<\/h2>\n<p>[\/et_pb_text][\/et_pb_column_inner][\/et_pb_row_inner][et_pb_row_inner column_structure=&#8220;1_2,1_2&#8243; use_custom_gutter=&#8220;on&#8220; gutter_width=&#8220;1&#8243; make_equal=&#8220;on&#8220; module_class=&#8220;icon_row&#8220; _builder_version=&#8220;4.17.4&#8243; _module_preset=&#8220;default&#8220; module_alignment=&#8220;left&#8220; custom_margin=&#8220;0px|0px|0px|0px|false|false&#8220; custom_padding=&#8220;0px|0px|0px|0px|false|false&#8220; global_colors_info=&#8220;{}&#8220;][et_pb_column_inner type=&#8220;1_2&#8243; saved_specialty_column_type=&#8220;1_2&#8243; module_class=&#8220;contact_icon&#8220; _builder_version=&#8220;4.17.4&#8243; _module_preset=&#8220;default&#8220; custom_padding_tablet=&#8220;&#8220; custom_padding_phone=&#8220;&#8220; custom_padding_last_edited=&#8220;on|desktop&#8220; global_colors_info=&#8220;{}&#8220; custom_css_main_element_last_edited=&#8220;on|desktop&#8220;][et_pb_icon font_icon=&#8220;&#x77;||divi||400&#8243; icon_color=&#8220;#FFFFFF&#8220; icon_width=&#8220;42px&#8220; align=&#8220;left&#8220; align_tablet=&#8220;right&#8220; align_phone=&#8220;left&#8220; align_last_edited=&#8220;on|phone&#8220; _builder_version=&#8220;4.17.4&#8243; _module_preset=&#8220;default&#8220; transform_scale_tablet=&#8220;&#8220; transform_scale_phone=&#8220;&#8220; transform_scale_last_edited=&#8220;on|desktop&#8220; transform_translate_tablet=&#8220;&#8220; transform_translate_phone=&#8220;&#8220; transform_translate_last_edited=&#8220;on|desktop&#8220; transform_rotate_tablet=&#8220;&#8220; transform_rotate_phone=&#8220;&#8220; transform_rotate_last_edited=&#8220;on|desktop&#8220; transform_skew_tablet=&#8220;&#8220; transform_skew_phone=&#8220;&#8220; transform_skew_last_edited=&#8220;on|desktop&#8220; transform_origin_tablet=&#8220;&#8220; transform_origin_phone=&#8220;&#8220; transform_origin_last_edited=&#8220;on|desktop&#8220; transform_styles_last_edited=&#8220;on|desktop&#8220; transform_styles_tablet=&#8220;&#8220; transform_styles_phone=&#8220;&#8220; global_colors_info=&#8220;{}&#8220;][\/et_pb_icon][\/et_pb_column_inner][et_pb_column_inner type=&#8220;1_2&#8243; saved_specialty_column_type=&#8220;1_2&#8243; _builder_version=&#8220;4.17.4&#8243; _module_preset=&#8220;default&#8220; custom_padding_tablet=&#8220;&#8220; custom_padding_phone=&#8220;&#8220; custom_padding_last_edited=&#8220;on|desktop&#8220; global_colors_info=&#8220;{}&#8220;][et_pb_text _builder_version=&#8220;4.17.4&#8243; _module_preset=&#8220;default&#8220; text_text_color=&#8220;#FFFFFF&#8220; header_text_color=&#8220;#FFFFFF&#8220; header_4_font=&#8220;|700|||||||&#8220; header_4_text_color=&#8220;#FFFFFF&#8220; header_4_font_size=&#8220;21px&#8220; header_6_text_color=&#8220;#FFFFFF&#8220; custom_padding=&#8220;5px||||false|false&#8220; custom_padding_tablet=&#8220;0px||||false|false&#8220; custom_padding_phone=&#8220;0px||||false|false&#8220; custom_padding_last_edited=&#8220;on|desktop&#8220; global_colors_info=&#8220;{}&#8220;]<\/p>\n<h4>Email<\/h4>\n<p>[\/et_pb_text][et_pb_text module_class=&#8220;manual_link&#8220; _builder_version=&#8220;4.17.4&#8243; _module_preset=&#8220;default&#8220; text_text_color=&#8220;#FFFFFF&#8220; header_text_color=&#8220;#FFFFFF&#8220; header_4_font=&#8220;|700|||||||&#8220; header_4_text_color=&#8220;#FFFFFF&#8220; header_4_font_size=&#8220;21px&#8220; header_6_text_color=&#8220;#FFFFFF&#8220; custom_padding=&#8220;0px||||false|false&#8220; custom_padding_tablet=&#8220;0px||||false|false&#8220; custom_padding_phone=&#8220;0px||||false|false&#8220; custom_padding_last_edited=&#8220;on|desktop&#8220; global_colors_info=&#8220;{}&#8220;]<\/p>\n<p><a href=\"mailto:office@project-logistics.at\">office@project-logistics.at<\/a><\/p>\n<p>[\/et_pb_text][\/et_pb_column_inner][\/et_pb_row_inner][et_pb_row_inner column_structure=&#8220;1_2,1_2&#8243; use_custom_gutter=&#8220;on&#8220; gutter_width=&#8220;1&#8243; make_equal=&#8220;on&#8220; module_class=&#8220;icon_row&#8220; _builder_version=&#8220;4.17.4&#8243; _module_preset=&#8220;default&#8220; module_alignment=&#8220;left&#8220; custom_margin=&#8220;5vh|0px|5vh|0px|false|false&#8220; custom_margin_tablet=&#8220;5vh|0px|5vh|0px|false|false&#8220; custom_margin_phone=&#8220;5vh|0px|5vh|0px|false|false&#8220; custom_margin_last_edited=&#8220;on|desktop&#8220; custom_padding=&#8220;0px|0px|0px|0px|false|false&#8220; global_colors_info=&#8220;{}&#8220;][et_pb_column_inner type=&#8220;1_2&#8243; saved_specialty_column_type=&#8220;1_2&#8243; module_class=&#8220;contact_icon&#8220; _builder_version=&#8220;4.17.4&#8243; _module_preset=&#8220;default&#8220; global_colors_info=&#8220;{}&#8220;][et_pb_icon font_icon=&#8220;&#xe009;||divi||400&#8243; icon_color=&#8220;#FFFFFF&#8220; icon_width=&#8220;42px&#8220; align=&#8220;left&#8220; align_tablet=&#8220;right&#8220; align_phone=&#8220;left&#8220; align_last_edited=&#8220;on|phone&#8220; _builder_version=&#8220;4.17.4&#8243; _module_preset=&#8220;default&#8220; custom_css_main_element=&#8220;max-width: 20vw;&#8220; global_colors_info=&#8220;{}&#8220;][\/et_pb_icon][\/et_pb_column_inner][et_pb_column_inner type=&#8220;1_2&#8243; saved_specialty_column_type=&#8220;1_2&#8243; _builder_version=&#8220;4.17.4&#8243; _module_preset=&#8220;default&#8220; global_colors_info=&#8220;{}&#8220;][et_pb_text admin_label=&#8220;Text&#8220; _builder_version=&#8220;4.17.4&#8243; _module_preset=&#8220;default&#8220; text_text_color=&#8220;#FFFFFF&#8220; header_text_color=&#8220;#FFFFFF&#8220; header_4_font=&#8220;|700|||||||&#8220; header_4_text_color=&#8220;#FFFFFF&#8220; header_4_font_size=&#8220;21px&#8220; header_6_text_color=&#8220;#FFFFFF&#8220; global_colors_info=&#8220;{}&#8220;]<\/p>\n<h4>Address<\/h4>\n<p>[\/et_pb_text][et_pb_text admin_label=&#8220;Text&#8220; _builder_version=&#8220;4.17.4&#8243; _module_preset=&#8220;default&#8220; text_text_color=&#8220;#FFFFFF&#8220; header_text_color=&#8220;#FFFFFF&#8220; header_4_font=&#8220;|700|||||||&#8220; header_4_text_color=&#8220;#FFFFFF&#8220; header_4_font_size=&#8220;21px&#8220; header_6_text_color=&#8220;#FFFFFF&#8220; global_colors_info=&#8220;{}&#8220;]<\/p>\nProject Logistics GmbH\n<p>[\/et_pb_text][et_pb_text admin_label=&#8220;Text&#8220; _builder_version=&#8220;4.17.4&#8243; _module_preset=&#8220;default&#8220; text_text_color=&#8220;#FFFFFF&#8220; header_text_color=&#8220;#FFFFFF&#8220; header_4_font=&#8220;|700|||||||&#8220; header_4_text_color=&#8220;#FFFFFF&#8220; header_4_font_size=&#8220;21px&#8220; header_6_text_color=&#8220;#FFFFFF&#8220; global_colors_info=&#8220;{}&#8220;]<\/p>\nOberndorferstra\u00dfe 33\/A\/15\n<p>[\/et_pb_text][et_pb_text admin_label=&#8220;Text&#8220; _builder_version=&#8220;4.17.4&#8243; _module_preset=&#8220;default&#8220; text_text_color=&#8220;#FFFFFF&#8220; header_text_color=&#8220;#FFFFFF&#8220; header_4_font=&#8220;|700|||||||&#8220; header_4_text_color=&#8220;#FFFFFF&#8220; header_4_font_size=&#8220;21px&#8220; header_6_text_color=&#8220;#FFFFFF&#8220; global_colors_info=&#8220;{}&#8220;]<\/p>\n5020 Salzburg\n<p>[\/et_pb_text][et_pb_text admin_label=&#8220;Text&#8220; _builder_version=&#8220;4.17.4&#8243; _module_preset=&#8220;default&#8220; text_text_color=&#8220;#FFFFFF&#8220; header_text_color=&#8220;#FFFFFF&#8220; header_4_font=&#8220;|700|||||||&#8220; header_4_text_color=&#8220;#FFFFFF&#8220; header_4_font_size=&#8220;21px&#8220; header_6_text_color=&#8220;#FFFFFF&#8220; global_colors_info=&#8220;{}&#8220;]<\/p>\nAustria\n<p>[\/et_pb_text][\/et_pb_column_inner][\/et_pb_row_inner][et_pb_row_inner column_structure=&#8220;1_2,1_2&#8243; use_custom_gutter=&#8220;on&#8220; gutter_width=&#8220;1&#8243; make_equal=&#8220;on&#8220; module_class=&#8220;icon_row&#8220; _builder_version=&#8220;4.17.4&#8243; _module_preset=&#8220;default&#8220; module_alignment=&#8220;left&#8220; custom_margin=&#8220;0px|0px|0px|0px|false|false&#8220; custom_padding=&#8220;0px|0px|0px|0px|false|false&#8220; custom_css_main_element=&#8220;color:white;&#8220; global_colors_info=&#8220;{}&#8220; custom_css_main_element_last_edited=&#8220;on|desktop&#8220; custom_css_main_element__hover_enabled=&#8220;on|desktop&#8220; custom_css_main_element_tablet=&#8220;color:white;&#8220; custom_css_main_element_phone=&#8220;color:white;&#8220; custom_css_main_element__hover=&#8220;color:white;&#8220;][et_pb_column_inner type=&#8220;1_2&#8243; saved_specialty_column_type=&#8220;1_2&#8243; module_class=&#8220;contact_icon&#8220; _builder_version=&#8220;4.17.4&#8243; _module_preset=&#8220;default&#8220; global_colors_info=&#8220;{}&#8220;][et_pb_icon font_icon=&#8220;&#x7a;||divi||400&#8243; icon_color=&#8220;#FFFFFF&#8220; icon_width=&#8220;42px&#8220; align=&#8220;left&#8220; align_tablet=&#8220;right&#8220; align_phone=&#8220;left&#8220; align_last_edited=&#8220;on|phone&#8220; admin_label=&#8220;Icon&#8220; _builder_version=&#8220;4.17.4&#8243; _module_preset=&#8220;default&#8220; custom_css_main_element=&#8220;max-width: 20vw;&#8220; global_colors_info=&#8220;{}&#8220;][\/et_pb_icon][\/et_pb_column_inner][et_pb_column_inner type=&#8220;1_2&#8243; saved_specialty_column_type=&#8220;1_2&#8243; _builder_version=&#8220;4.17.4&#8243; _module_preset=&#8220;default&#8220; global_colors_info=&#8220;{}&#8220;][et_pb_text _builder_version=&#8220;4.17.4&#8243; _module_preset=&#8220;default&#8220; text_text_color=&#8220;#FFFFFF&#8220; header_text_color=&#8220;#FFFFFF&#8220; header_4_font=&#8220;|700|||||||&#8220; header_4_text_color=&#8220;#FFFFFF&#8220; header_4_font_size=&#8220;21px&#8220; header_6_text_color=&#8220;#FFFFFF&#8220; global_colors_info=&#8220;{}&#8220;]<\/p>\n<h4>Phone number<\/h4>\n<p>[\/et_pb_text][et_pb_text module_class=&#8220;manual_link&#8220; _builder_version=&#8220;4.17.4&#8243; _module_preset=&#8220;default&#8220; text_text_color=&#8220;#FFFFFF&#8220; header_text_color=&#8220;#FFFFFF&#8220; header_4_font=&#8220;|700|||||||&#8220; header_4_text_color=&#8220;#FFFFFF&#8220; header_4_font_size=&#8220;21px&#8220; header_6_text_color=&#8220;#FFFFFF&#8220; link_option_url=&#8220;tel:+436602412546&#8243; global_colors_info=&#8220;{}&#8220;]<\/p>\n<p><a href=\"tel: 436602412546\">+43 660 2412546<\/a><\/p>\n<p>[\/et_pb_text][\/et_pb_column_inner][\/et_pb_row_inner][\/et_pb_column][\/et_pb_section][et_pb_section fb_built=&#8220;1&#8243; _builder_version=&#8220;4.17.4&#8243; _module_preset=&#8220;default&#8220; background_color=&#8220;#2B2B2B&#8220; background_enable_image=&#8220;off&#8220; top_divider_style=&#8220;arrow2&#8243; top_divider_color=&#8220;#00394c&#8220; top_divider_height=&#8220;69px&#8220; top_divider_style_tablet=&#8220;arrow2&#8243; top_divider_style_phone=&#8220;arrow2&#8243; top_divider_style_last_edited=&#8220;on|phone&#8220; top_divider_height_tablet=&#8220;60px&#8220; top_divider_height_phone=&#8220;55px&#8220; top_divider_height_last_edited=&#8220;on|phone&#8220; background_last_edited=&#8220;on|desktop&#8220; global_colors_info=&#8220;{}&#8220;][\/et_pb_section]<\/p>","protected":false},"excerpt":{"rendered":"<p>Nehmen Sie jetzt Kontakt mit uns auf!Was k\u00f6nnen wir f\u00fcr Sie tun?Haben Sie Fragen zu unserem Angebot oder ben\u00f6tigen Sie Informationen zu einem anderen Anliegen? Nutzen Sie das Kontaktformular und schreiben Sie uns eine Nachricht \u2013 wir sind gerne f\u00fcr Sie da und beantworten Ihre Anfrage schnellstm\u00f6glich.Wir freuen uns von Ihnen zu h\u00f6ren!NACHRICHT SENDEN.<div class=\"et_pb_module dvppl_cf7_styler dvppl_cf7_styler_0\">\n\t\t\t\t\n\t\t\t\t\n\t\t\t\t\n\t\t\t\t\n\t\t\t\t\n\t\t\t\t\n\t\t\t\t<div class=\"et_pb_module_inner\">\n\t\t\t\t\t<div class=\"dipe-cf7-container dipe-cf7-button-left\">\n\t\t\t\t\n\t\t\t\t<div class=\"dipe-cf7 dipe-cf7-styler\">\n\t\t\t\t\t<p class=\"wpcf7-contact-form-not-found\"><strong>Error:<\/strong> Contact form not found.<\/p>\n\t\t\t\t<\/div>\n\t\t\t<\/div>\n\t\t\t\t<\/div>\n\t\t\t<\/div><\/p>","protected":false},"author":1,"featured_media":0,"parent":0,"menu_order":90,"comment_status":"closed","ping_status":"closed","template":"","meta":{"_acf_changed":false,"_et_pb_use_builder":"on","_et_pb_old_content":"<!-- wp:paragraph -->\r\n<p>Hier steht meine Email Adresse<\/p>\r\n<!-- \/wp:paragraph -->\r\n\r\n<!-- wp:paragraph -->\r\n<p>Eva.b@gmx.at<\/p>\r\n<!-- \/wp:paragraph -->\r\n\r\n<!-- wp:contact-form-7\/contact-form-selector {\"id\":32,\"title\":\"Kontaktformular 1\"} -->\r\n<div class=\"wp-block-contact-form-7-contact-form-selector\">[contact-form-7 id=\"32\" title=\"Kontaktformular 1\"]<\/div>\r\n<!-- \/wp:contact-form-7\/contact-form-selector -->","_et_gb_content_width":"","footnotes":""},"class_list":["post-30","page","type-page","status-publish","hentry"],"acf":[],"_links":{"self":[{"href":"https:\/\/project-logistics.at\/en\/wp-json\/wp\/v2\/pages\/30"}],"collection":[{"href":"https:\/\/project-logistics.at\/en\/wp-json\/wp\/v2\/pages"}],"about":[{"href":"https:\/\/project-logistics.at\/en\/wp-json\/wp\/v2\/types\/page"}],"author":[{"embeddable":true,"href":"https:\/\/project-logistics.at\/en\/wp-json\/wp\/v2\/users\/1"}],"replies":[{"embeddable":true,"href":"https:\/\/project-logistics.at\/en\/wp-json\/wp\/v2\/comments?post=30"}],"version-history":[{"count":52,"href":"https:\/\/project-logistics.at\/en\/wp-json\/wp\/v2\/pages\/30\/revisions"}],"predecessor-version":[{"id":242906,"href":"https:\/\/project-logistics.at\/en\/wp-json\/wp\/v2\/pages\/30\/revisions\/242906"}],"wp:attachment":[{"href":"https:\/\/project-logistics.at\/en\/wp-json\/wp\/v2\/media?parent=30"}],"curies":[{"name":"wp","href":"https:\/\/api.w.org\/{rel}","templated":true}]}}