{"id":242959,"date":"2022-10-19T08:46:03","date_gmt":"2022-10-19T08:46:03","guid":{"rendered":"https:\/\/project-logistics.at\/?page_id=242959"},"modified":"2022-10-19T09:05:55","modified_gmt":"2022-10-19T09:05:55","slug":"agb","status":"publish","type":"page","link":"https:\/\/project-logistics.at\/en\/agb\/","title":{"rendered":"AGB"},"content":{"rendered":"<p>[et_pb_section fb_built=&#8220;1&#8243; custom_padding_last_edited=&#8220;on|phone&#8220; _builder_version=&#8220;4.18.0&#8243; _module_preset=&#8220;default&#8220; custom_padding=&#8220;|10vw||10vw|false|true&#8220; custom_padding_tablet=&#8220;|0vw||0vw|false|true&#8220; custom_padding_phone=&#8220;|0vw||0vw|false|false&#8220; global_colors_info=&#8220;{}&#8220;][et_pb_row custom_padding_last_edited=&#8220;on|phone&#8220; _builder_version=&#8220;4.18.0&#8243; _module_preset=&#8220;default&#8220; width=&#8220;100%&#8220; custom_padding=&#8220;7vh||7vh||true|false&#8220; custom_padding_tablet=&#8220;3vh||3vh||true|false&#8220; custom_padding_phone=&#8220;3vh||3vh||true|false&#8220; global_colors_info=&#8220;{}&#8220;][et_pb_column type=&#8220;4_4&#8243; _builder_version=&#8220;4.17.4&#8243; _module_preset=&#8220;default&#8220; global_colors_info=&#8220;{}&#8220;][et_pb_text _builder_version=&#8220;4.18.0&#8243; _module_preset=&#8220;default&#8220; width=&#8220;100%&#8220; module_alignment=&#8220;center&#8220; custom_padding=&#8220;|10vw||10vw|false|true&#8220; custom_padding_tablet=&#8220;|0vw||0vw|false|true&#8220; custom_padding_phone=&#8220;|0vw||0vw|false|true&#8220; custom_padding_last_edited=&#8220;on|phone&#8220; global_colors_info=&#8220;{}&#8220;]<\/p>\n<h1 class=\"h2\" style=\"text-align: center;\">\u00a0Allgemeine Gesch\u00e4ftsbedingungen<\/h1>\n<p>&nbsp;<\/p>\n<p>[\/et_pb_text][et_pb_text _builder_version=&#8220;4.18.0&#8243; _module_preset=&#8220;default&#8220; width=&#8220;100%&#8220; module_alignment=&#8220;center&#8220; custom_padding=&#8220;|10vw||10vw|false|true&#8220; custom_padding_tablet=&#8220;|0vw||0vw|false|true&#8220; custom_padding_phone=&#8220;|0vw||0vw|false|true&#8220; custom_padding_last_edited=&#8220;on|phone&#8220; hover_enabled=&#8220;0&#8243; global_colors_info=&#8220;{}&#8220; sticky_enabled=&#8220;0&#8243;]<\/p>\n<p>Wir arbeiten ausschlie\u00dflich gem\u00e4\u00df den \u201cAllgemeinen \u00d6sterreichischen Spediteurbedingungen (A\u00d6Sp)\u201d, jeweils neueste Fassung, sowie nach den jeweiligen allgemeinen Bedingungen zu Transport, Lager, Umschlag und Konnossement der von uns beauftragten Frachtf\u00fchrer und Reedereien.<\/p>\n<p>&nbsp;<\/p>\n<p><em>Our work is based on the latest version of the \u201eGeneral Austrian Forwarding Terms and Conditions (A\u00d6Sp)\u201c and the General Terms and Conditions in regards of transport, warehousing, alteration and Bill of Lading of the respective carriers and freight forwarders assigned by our company.<\/em>\u00a0<\/p>\n<p>&nbsp;<\/p>\n<p>[\/et_pb_text][\/et_pb_column][\/et_pb_row][et_pb_row column_structure=&#8220;1_3,2_3&#8243; _builder_version=&#8220;4.18.0&#8243; _module_preset=&#8220;default&#8220; width=&#8220;100%&#8220; custom_padding=&#8220;|10vw||10vw|false|false&#8220; global_colors_info=&#8220;{}&#8220;][et_pb_column type=&#8220;1_3&#8243; _builder_version=&#8220;4.18.0&#8243; _module_preset=&#8220;default&#8220; global_colors_info=&#8220;{}&#8220;][et_pb_text module_id=&#8220;helpfullinks&#8220; _builder_version=&#8220;4.18.0&#8243; _module_preset=&#8220;default&#8220; header_text_align=&#8220;left&#8220; header_2_text_align=&#8220;right&#8220; header_3_text_align=&#8220;left&#8220; custom_margin=&#8220;|5%|||false|false&#8220; custom_margin_tablet=&#8220;|0%|||false|false&#8220; custom_margin_phone=&#8220;|0%|||false|false&#8220; custom_margin_last_edited=&#8220;on|phone&#8220; custom_padding=&#8220;|0px||0px|false|false&#8220; header_2_text_align_tablet=&#8220;left&#8220; header_2_text_align_phone=&#8220;left&#8220; header_2_text_align_last_edited=&#8220;on|phone&#8220; global_colors_info=&#8220;{}&#8220;]<\/p>\n<h2 style=\"text-align: left;\"><strong>Download A\u00d6Sp<\/strong><\/h2>\n<p>[\/et_pb_text][\/et_pb_column][et_pb_column type=&#8220;2_3&#8243; _builder_version=&#8220;4.18.0&#8243; _module_preset=&#8220;default&#8220; global_colors_info=&#8220;{}&#8220;][et_pb_text admin_label=&#8220;Text&#8220; _builder_version=&#8220;4.18.0&#8243; _module_preset=&#8220;default&#8220; text_text_color=&#8220;#787878&#8243; text_line_height=&#8220;2.1em&#8220; background_color=&#8220;#F0F0F0&#8243; custom_margin=&#8220;0px||0.7rem||false|false&#8220; custom_padding=&#8220;0.5em|4rem|0.5em|4rem|true|true&#8220; custom_padding_tablet=&#8220;0.5em|4rem|0.5em|4rem|true|true&#8220; custom_padding_phone=&#8220;|0rem||0rem|true|true&#8220; custom_padding_last_edited=&#8220;on|phone&#8220; link_option_url=&#8220;https:\/\/www.wko.at\/branchen\/transport-verkehr\/spedition-logistik\/Allgemeine_Oesterreichische_Spediteurbedingungen_(AOeSp).html&#8220; link_option_url_new_window=&#8220;on&#8220; global_colors_info=&#8220;{}&#8220; text_text_color__hover=&#8220;#FFFFFF&#8220; text_text_color__hover_enabled=&#8220;on|desktop&#8220; background_color__hover=&#8220;#00A5A5&#8243; custom_css_main_element__hover=&#8220;display: flex;&#8220; custom_css_main_element__hover_enabled=&#8220;on|hover&#8220; custom_css_before__hover=&#8220;  \tfont-family: %22FontAwesome%22;||    content: %22%92f178%22;||    text-align: center;||    vertical-align: middle;||    margin-right: 10px;||    margin-left: -10px;||    color: #FFF;||    font-size: 1em;||    transition: all .3s ease;&#8220; custom_css_before__hover_enabled=&#8220;on|hover&#8220; background_enable_color__hover=&#8220;on&#8220; use_background_color_gradient__hover=&#8220;off&#8220; background__hover_enabled=&#8220;on|hover&#8220;]<\/p>\n<p style=\"text-align: left;\">Link zur den aktuellen A\u00d6Sp auf <span style=\"text-decoration: underline;\">www.wko.at<\/span><\/p>\n<p>[\/et_pb_text][\/et_pb_column][\/et_pb_row][et_pb_row _builder_version=&#8220;4.18.0&#8243; _module_preset=&#8220;default&#8220; global_colors_info=&#8220;{}&#8220;][et_pb_column type=&#8220;4_4&#8243; _builder_version=&#8220;4.18.0&#8243; _module_preset=&#8220;default&#8220; global_colors_info=&#8220;{}&#8220;][et_pb_divider show_divider=&#8220;off&#8220; _builder_version=&#8220;4.18.0&#8243; _module_preset=&#8220;default&#8220; height_tablet=&#8220;&#8220; height_phone=&#8220;&#8220; height_last_edited=&#8220;on|desktop&#8220; custom_margin=&#8220;22px||80px||false|false&#8220; global_colors_info=&#8220;{}&#8220;][\/et_pb_divider][\/et_pb_column][\/et_pb_row][\/et_pb_section]<\/p>","protected":false},"excerpt":{"rendered":"<p>\u00a0Allgemeine Gesch\u00e4ftsbedingungen &nbsp;Wir arbeiten ausschlie\u00dflich gem\u00e4\u00df den \u201cAllgemeinen \u00d6sterreichischen Spediteurbedingungen (A\u00d6Sp)\u201d, jeweils neueste Fassung, sowie nach den jeweiligen allgemeinen Bedingungen zu Transport, Lager, Umschlag und Konnossement der von uns beauftragten Frachtf\u00fchrer und Reedereien. &nbsp; Our work is based on the latest version of the \u201eGeneral Austrian Forwarding Terms and Conditions (A\u00d6Sp)\u201c and the General Terms [&hellip;]<\/p>","protected":false},"author":1,"featured_media":0,"parent":0,"menu_order":0,"comment_status":"closed","ping_status":"closed","template":"","meta":{"_acf_changed":false,"_et_pb_use_builder":"on","_et_pb_old_content":"","_et_gb_content_width":"","footnotes":""},"class_list":["post-242959","page","type-page","status-publish","hentry"],"acf":[],"_links":{"self":[{"href":"https:\/\/project-logistics.at\/en\/wp-json\/wp\/v2\/pages\/242959"}],"collection":[{"href":"https:\/\/project-logistics.at\/en\/wp-json\/wp\/v2\/pages"}],"about":[{"href":"https:\/\/project-logistics.at\/en\/wp-json\/wp\/v2\/types\/page"}],"author":[{"embeddable":true,"href":"https:\/\/project-logistics.at\/en\/wp-json\/wp\/v2\/users\/1"}],"replies":[{"embeddable":true,"href":"https:\/\/project-logistics.at\/en\/wp-json\/wp\/v2\/comments?post=242959"}],"version-history":[{"count":9,"href":"https:\/\/project-logistics.at\/en\/wp-json\/wp\/v2\/pages\/242959\/revisions"}],"predecessor-version":[{"id":242975,"href":"https:\/\/project-logistics.at\/en\/wp-json\/wp\/v2\/pages\/242959\/revisions\/242975"}],"wp:attachment":[{"href":"https:\/\/project-logistics.at\/en\/wp-json\/wp\/v2\/media?parent=242959"}],"curies":[{"name":"wp","href":"https:\/\/api.w.org\/{rel}","templated":true}]}}