{"id":242239,"date":"2022-06-18T21:15:10","date_gmt":"2022-06-18T21:15:10","guid":{"rendered":"http:\/\/project-logistics.at\/?page_id=242239"},"modified":"2022-09-28T09:05:58","modified_gmt":"2022-09-28T09:05:58","slug":"landverkehr","status":"publish","type":"page","link":"https:\/\/project-logistics.at\/en\/landverkehr\/","title":{"rendered":"Land transport"},"content":{"rendered":"<p>[et_pb_section fb_built=&#8220;1&#8243; _builder_version=&#8220;4.17.4&#8243; _module_preset=&#8220;default&#8220; background_enable_color=&#8220;off&#8220; use_background_color_gradient=&#8220;on&#8220; background_color_gradient_stops=&#8220;rgba(135,205,205,0.83) 0%|rgba(41,196,169,0.16) 45%&#8220; background_color_gradient_overlays_image=&#8220;on&#8220; background_image=&#8220;https:\/\/project-logistics.at\/wp-content\/uploads\/2022\/06\/Landverkehr-Kopie.jpg&#8220; z_index=&#8220;4&#8243; custom_margin=&#8220;0px||0px||false|false&#8220; custom_padding=&#8220;0px||0px||false|false&#8220; top_divider_color=&#8220;#FFFFFF&#8220; top_divider_height=&#8220;3em&#8220; top_divider_flip=&#8220;horizontal&#8220; top_divider_color_tablet=&#8220;#ffffff&#8220; top_divider_color_phone=&#8220;#FFFFFF&#8220; top_divider_color_last_edited=&#8220;on|phone&#8220; top_divider_height_tablet=&#8220;3em&#8220; top_divider_height_phone=&#8220;2em&#8220; top_divider_height_last_edited=&#8220;on|phone&#8220; bottom_divider_style=&#8220;arrow2&#8243; bottom_divider_color=&#8220;#FFFFFF&#8220; bottom_divider_height=&#8220;3em&#8220; bottom_divider_height_tablet=&#8220;3em&#8220; bottom_divider_height_phone=&#8220;3em&#8220; bottom_divider_height_last_edited=&#8220;on|desktop&#8220; background_position_phone=&#8220;center_left&#8220; background_horizontal_offset_phone=&#8220;21%&#8220; global_colors_info=&#8220;{}&#8220;][et_pb_row _builder_version=&#8220;4.17.4&#8243; _module_preset=&#8220;default&#8220; custom_padding=&#8220;0px||0px||false|false&#8220; global_colors_info=&#8220;{}&#8220;][et_pb_column type=&#8220;4_4&#8243; _builder_version=&#8220;4.17.4&#8243; _module_preset=&#8220;default&#8220; global_colors_info=&#8220;{}&#8220;][et_pb_text _builder_version=&#8220;4.17.4&#8243; _module_preset=&#8220;default&#8220; custom_padding=&#8220;25vh||15vh||false|false&#8220; custom_padding_tablet=&#8220;15vh||15vh||false|false&#8220; custom_padding_phone=&#8220;15vh||||false|false&#8220; custom_padding_last_edited=&#8220;on|desktop&#8220; global_colors_info=&#8220;{}&#8220;][\/et_pb_text][\/et_pb_column][\/et_pb_row][\/et_pb_section][et_pb_section fb_built=&#8220;1&#8243; custom_padding_last_edited=&#8220;on|phone&#8220; _builder_version=&#8220;4.17.4&#8243; _module_preset=&#8220;default&#8220; custom_padding_tablet=&#8220;3vh||0px||false|false&#8220; custom_padding_phone=&#8220;4vh||1px||false|false&#8220; global_colors_info=&#8220;{}&#8220;][et_pb_row _builder_version=&#8220;4.17.4&#8243; _module_preset=&#8220;default&#8220; custom_padding=&#8220;0px||0px||false|false&#8220; global_colors_info=&#8220;{}&#8220;][et_pb_column type=&#8220;4_4&#8243; _builder_version=&#8220;4.17.4&#8243; _module_preset=&#8220;default&#8220; global_colors_info=&#8220;{}&#8220;][et_pb_divider show_divider=&#8220;off&#8220; _builder_version=&#8220;4.17.4&#8243; _module_preset=&#8220;default&#8220; custom_margin=&#8220;5vh||||false|false&#8220; custom_margin_tablet=&#8220;0vh||||false|false&#8220; custom_margin_phone=&#8220;0vh||||false|false&#8220; custom_margin_last_edited=&#8220;on|tablet&#8220; custom_padding=&#8220;0px||0px||false|false&#8220; global_colors_info=&#8220;{}&#8220;][\/et_pb_divider][\/et_pb_column][\/et_pb_row][et_pb_row _builder_version=&#8220;4.17.4&#8243; _module_preset=&#8220;default&#8220; custom_padding=&#8220;0px||0px||false|false&#8220; global_colors_info=&#8220;{}&#8220;][et_pb_column type=&#8220;4_4&#8243; _builder_version=&#8220;4.17.4&#8243; _module_preset=&#8220;default&#8220; global_colors_info=&#8220;{}&#8220;][et_pb_text _builder_version=&#8220;4.17.4&#8243; _module_preset=&#8220;default&#8220; text_font_size=&#8220;18px&#8220; global_colors_info=&#8220;{}&#8220;]<\/p>\n<h1><strong>Land transport. <br \/><\/strong><\/h1>\n<p>[\/et_pb_text][\/et_pb_column][\/et_pb_row][\/et_pb_section][et_pb_section fb_built=&#8220;1&#8243; custom_padding_last_edited=&#8220;on|tablet&#8220; _builder_version=&#8220;4.17.4&#8243; _module_preset=&#8220;default&#8220; custom_padding_tablet=&#8220;0px||0px||false|false&#8220; custom_padding_phone=&#8220;0px||0px||false|false&#8220; global_colors_info=&#8220;{}&#8220;][et_pb_row column_structure=&#8220;1_2,1_2&#8243; use_custom_gutter=&#8220;on&#8220; gutter_width=&#8220;1&#8243; make_equal=&#8220;on&#8220; _builder_version=&#8220;4.17.4&#8243; _module_preset=&#8220;default&#8220; global_colors_info=&#8220;{}&#8220;][et_pb_column type=&#8220;1_2&#8243; _builder_version=&#8220;4.17.4&#8243; _module_preset=&#8220;default&#8220; background_color=&#8220;#FFFFFF&#8220; custom_padding=&#8220;3%|3%|3%|0%|false|false&#8220; custom_padding_tablet=&#8220;0%|0%|0%||false|false&#8220; custom_padding_phone=&#8220;|||0px|false|false&#8220; custom_padding_last_edited=&#8220;on|phone&#8220; global_colors_info=&#8220;{}&#8220;][et_pb_text _builder_version=&#8220;4.17.4&#8243; _module_preset=&#8220;default&#8220; width=&#8220;100%&#8220; width_tablet=&#8220;100%&#8220; width_phone=&#8220;100%&#8220; width_last_edited=&#8220;on|desktop&#8220; custom_padding=&#8220;|4vw|||false|false&#8220; custom_padding_tablet=&#8220;|0vw|4vh||false|false&#8220; custom_padding_phone=&#8220;|0vw|5vh||false|false&#8220; custom_padding_last_edited=&#8220;on|phone&#8220; global_colors_info=&#8220;{}&#8220;]<\/p>\n<p>As part of our specialization in project transport, we have established a proven network of freight carriers, special transport companies, and express services.<\/p>\n<p>We rely on local medium-sized entrepreneurs with expertise in local conditions and the best drivers.<\/p>\n<p>Mit uns erreicht Ihre Ware sicher und zeitgerecht Ihren Bestimmungsort.<\/p>\n<p>[\/et_pb_text][\/et_pb_column][et_pb_column type=&#8220;1_2&#8243; admin_label=&#8220;Spalte&#8220; _builder_version=&#8220;4.17.4&#8243; _module_preset=&#8220;default&#8220; background_color=&#8220;#D5E9E9&#8243; custom_padding=&#8220;3%|3%|3%|3%|false|false&#8220; custom_padding_tablet=&#8220;5%||||false|false&#8220; custom_padding_phone=&#8220;5%|1rem|5%|1rem|true|true&#8220; custom_padding_last_edited=&#8220;on|desktop&#8220; global_colors_info=&#8220;{}&#8220;][et_pb_text _builder_version=&#8220;4.17.4&#8243; _module_preset=&#8220;default&#8220; custom_margin=&#8220;||20px|||&#8220; global_colors_info=&#8220;{}&#8220;]<\/p>\n<h2>overview<\/h2>\n<p>[\/et_pb_text][et_pb_text _builder_version=&#8220;4.17.4&#8243; _module_preset=&#8220;default&#8220; global_colors_info=&#8220;{}&#8220;]<\/p>\n<ul>\n<li>Organization of international land transport<\/li>\n<li>Groupage, part and full loads<\/li>\n<li>Special trips and special transports<\/li>\n<\/ul>\n<p>[\/et_pb_text][\/et_pb_column][\/et_pb_row][\/et_pb_section][et_pb_section fb_built=&#8220;1&#8243; custom_padding_last_edited=&#8220;on|desktop&#8220; admin_label=&#8220;Sektion&#8220; _builder_version=&#8220;4.17.4&#8243; _module_preset=&#8220;default&#8220; custom_padding=&#8220;||2vh||false|false&#8220; custom_padding_tablet=&#8220;||1vh||false|false&#8220; custom_padding_phone=&#8220;||0vh||false|false&#8220; global_colors_info=&#8220;{}&#8220;][et_pb_row _builder_version=&#8220;4.17.4&#8243; _module_preset=&#8220;default&#8220; custom_padding=&#8220;15px||18px|||&#8220; global_colors_info=&#8220;{}&#8220;][et_pb_column type=&#8220;4_4&#8243; _builder_version=&#8220;4.17.4&#8243; _module_preset=&#8220;default&#8220; global_colors_info=&#8220;{}&#8220;][et_pb_divider color=&#8220;#F0F0F0&#8243; _builder_version=&#8220;4.17.4&#8243; _module_preset=&#8220;default&#8220; custom_margin=&#8220;4vh||2vh||false|false&#8220; custom_margin_tablet=&#8220;0vh||0vh||false|false&#8220; custom_margin_phone=&#8220;-2vh||-2vh||false|false&#8220; custom_margin_last_edited=&#8220;on|tablet&#8220; global_colors_info=&#8220;{}&#8220;][\/et_pb_divider][\/et_pb_column][\/et_pb_row][\/et_pb_section][et_pb_section fb_built=&#8220;1&#8243; custom_padding_last_edited=&#8220;on|desktop&#8220; _builder_version=&#8220;4.17.4&#8243; _module_preset=&#8220;default&#8220; custom_padding=&#8220;0px||0px||false|false&#8220; custom_padding_tablet=&#8220;0px||0px||false|false&#8220; custom_padding_phone=&#8220;0px||0px||false|false&#8220; global_colors_info=&#8220;{}&#8220;][et_pb_row column_structure=&#8220;1_2,1_2&#8243; use_custom_gutter=&#8220;on&#8220; gutter_width=&#8220;1&#8243; make_equal=&#8220;on&#8220; _builder_version=&#8220;4.17.4&#8243; _module_preset=&#8220;default&#8220; width=&#8220;100%&#8220; module_alignment=&#8220;center&#8220; custom_margin=&#8220;0px|0px||0px|false|false&#8220; custom_margin_tablet=&#8220;||3vh||false|false&#8220; custom_margin_phone=&#8220;||3vh||false|false&#8220; custom_margin_last_edited=&#8220;on|tablet&#8220; custom_padding=&#8220;0px|0px|0px|0px|false|false&#8220; custom_css_main_element=&#8220;display:flex;||align-items: center;&#8220; global_colors_info=&#8220;{}&#8220;][et_pb_column type=&#8220;1_2&#8243; _builder_version=&#8220;4.17.4&#8243; _module_preset=&#8220;default&#8220; border_width_right=&#8220;1px&#8220; border_color_right=&#8220;#AAAAAA&#8220; global_colors_info=&#8220;{}&#8220;][et_pb_button button_url=&#8220;@ET-DC@eyJkeW5hbWljIjp0cnVlLCJjb250ZW50IjoicG9zdF9saW5rX3VybF9wYWdlIiwic2V0dGluZ3MiOnsicG9zdF9pZCI6IjI0MjIzMSJ9fQ==@&#8220; button_text=&#8220;Bahnverkehr&#8220; button_alignment=&#8220;right&#8220; _builder_version=&#8220;4.17.4&#8243; _dynamic_attributes=&#8220;button_url&#8220; _module_preset=&#8220;default&#8220; custom_button=&#8220;on&#8220; button_text_color=&#8220;#2B2B2B&#8220; button_bg_color=&#8220;RGBA(255,255,255,0)&#8220; button_border_width=&#8220;1px&#8220; button_border_color=&#8220;RGBA(255,255,255,0)&#8220; button_border_radius=&#8220;1px&#8220; button_icon=&#8220;&#x23;||divi||400&#8243; button_icon_placement=&#8220;left&#8220; button_on_hover=&#8220;off&#8220; custom_margin=&#8220;|4vw|||false|false&#8220; custom_margin_tablet=&#8220;|4vw|||false|false&#8220; custom_margin_phone=&#8220;|3vw|||false|false&#8220; custom_margin_last_edited=&#8220;on|phone&#8220; custom_padding=&#8220;0px||0px||false|false&#8220; button_text_color_last_edited=&#8220;off|desktop&#8220; button_bg_color_tablet=&#8220;RGBA(255,255,255,0)&#8220; button_bg_color_phone=&#8220;RGBA(255,255,255,0)&#8220; button_bg_color_last_edited=&#8220;on|desktop&#8220; global_colors_info=&#8220;{}&#8220; button_text_color__hover_enabled=&#8220;on|desktop&#8220; button_bg_color__hover_enabled=&#8220;on|hover&#8220; button_border_width__hover_enabled=&#8220;on|desktop&#8220; button_border_width__hover=&#8220;1px&#8220; button_border_color__hover_enabled=&#8220;on|hover&#8220; button_border_color__hover=&#8220;#787878&#8243; button_bg_color__hover=&#8220;RGBA(255,255,255,0)&#8220; button_bg_enable_color__hover=&#8220;on&#8220; button_text_color__hover=&#8220;#2B2B2B&#8220;][\/et_pb_button][\/et_pb_column][et_pb_column type=&#8220;1_2&#8243; admin_label=&#8220;Spalte&#8220; _builder_version=&#8220;4.17.4&#8243; _module_preset=&#8220;default&#8220; global_colors_info=&#8220;{}&#8220;][et_pb_button button_url=&#8220;@ET-DC@eyJkeW5hbWljIjp0cnVlLCJjb250ZW50IjoicG9zdF9saW5rX3VybF9wYWdlIiwic2V0dGluZ3MiOnsicG9zdF9pZCI6IjI0MjI0NyJ9fQ==@&#8220; button_text=&#8220;Projekt Logistik&#8220; button_alignment=&#8220;left&#8220; admin_label=&#8220;Button&#8220; _builder_version=&#8220;4.17.4&#8243; _dynamic_attributes=&#8220;button_url&#8220; _module_preset=&#8220;default&#8220; custom_button=&#8220;on&#8220; button_text_color=&#8220;#2B2B2B&#8220; button_bg_color=&#8220;RGBA(255,255,255,0)&#8220; button_border_width=&#8220;1px&#8220; button_border_color=&#8220;RGBA(255,255,255,0)&#8220; button_border_radius=&#8220;1px&#8220; button_icon=&#8220;&#x24;||divi||400&#8243; button_on_hover=&#8220;off&#8220; custom_margin=&#8220;|||5vw|false|false&#8220; custom_margin_tablet=&#8220;|||4vw|false|false&#8220; custom_margin_phone=&#8220;|||3vw|false|false&#8220; custom_margin_last_edited=&#8220;on|phone&#8220; button_text_color_last_edited=&#8220;off|desktop&#8220; button_bg_color_tablet=&#8220;RGBA(255,255,255,0)&#8220; button_bg_color_phone=&#8220;RGBA(255,255,255,0)&#8220; button_bg_color_last_edited=&#8220;on|desktop&#8220; global_colors_info=&#8220;{}&#8220; button_text_color__hover_enabled=&#8220;on|desktop&#8220; button_bg_color__hover_enabled=&#8220;on|hover&#8220; button_border_width__hover_enabled=&#8220;on|desktop&#8220; button_border_width__hover=&#8220;1px&#8220; button_border_color__hover_enabled=&#8220;on|hover&#8220; button_border_color__hover=&#8220;#787878&#8243; button_bg_color__hover=&#8220;RGBA(255,255,255,0)&#8220; button_bg_enable_color__hover=&#8220;on&#8220; button_text_color__hover=&#8220;#2B2B2B&#8220;][\/et_pb_button][\/et_pb_column][\/et_pb_row][\/et_pb_section][et_pb_section fb_built=&#8220;1&#8243; _builder_version=&#8220;4.17.4&#8243; _module_preset=&#8220;default&#8220; background_color=&#8220;#2B2B2B&#8220; z_index=&#8220;4&#8243; custom_margin=&#8220;2vh||0px||false|false&#8220; custom_margin_tablet=&#8220;2vh||0px||false|false&#8220; custom_margin_phone=&#8220;2vh||0px||false|false&#8220; custom_margin_last_edited=&#8220;on|phone&#8220; custom_padding=&#8220;0px||0px||false|false&#8220; top_divider_style=&#8220;arrow2&#8243; top_divider_color=&#8220;#FFFFFF&#8220; top_divider_height=&#8220;3em&#8220; top_divider_flip=&#8220;horizontal&#8220; top_divider_color_tablet=&#8220;#ffffff&#8220; top_divider_color_phone=&#8220;#FFFFFF&#8220; top_divider_color_last_edited=&#8220;on|phone&#8220; top_divider_height_tablet=&#8220;3em&#8220; top_divider_height_phone=&#8220;2em&#8220; top_divider_height_last_edited=&#8220;on|phone&#8220; bottom_divider_color=&#8220;#F0F0F0&#8243; bottom_divider_height=&#8220;76px&#8220; bottom_divider_flip=&#8220;vertical&#8220; global_colors_info=&#8220;{}&#8220;][et_pb_row _builder_version=&#8220;4.17.4&#8243; _module_preset=&#8220;default&#8220; custom_padding=&#8220;0px||0px||false|false&#8220; global_colors_info=&#8220;{}&#8220;][et_pb_column type=&#8220;4_4&#8243; _builder_version=&#8220;4.17.4&#8243; _module_preset=&#8220;default&#8220; global_colors_info=&#8220;{}&#8220;][et_pb_text _builder_version=&#8220;4.17.4&#8243; _module_preset=&#8220;default&#8220; custom_padding=&#8220;50px||5px||false|false&#8220; global_colors_info=&#8220;{}&#8220;][\/et_pb_text][et_pb_text _builder_version=&#8220;4.17.4&#8243; _module_preset=&#8220;default&#8220; custom_padding=&#8220;50px||5px||false|false&#8220; global_colors_info=&#8220;{}&#8220;][\/et_pb_text][\/et_pb_column][\/et_pb_row][\/et_pb_section]<\/p>","protected":false},"excerpt":{"rendered":"<p>Landverkehr. Im Zuge unserer Spezialisierung auf Projekttransporte haben wir ein bew\u00e4hrtes Netzwerk an Fr\u00e4chtern, Sondertransportunternehmen und Expressdiensten aufgebaut. Wir setzen auf lokale mittelst\u00e4ndische Unternehmer mit dem Know-How der \u00f6rtlichen Gegebenheiten und den besten Chauffeuren. Mit uns erreicht Ihre Ware sicher und zeitgerecht Ihren Bestimmungsort.\u00dcberblick Organisation internationaler Landverkehre Sammelgut, Teil- und Komplettladungen Sonderfahrten und Spezialtransporte<\/p>","protected":false},"author":1,"featured_media":0,"parent":0,"menu_order":15,"comment_status":"closed","ping_status":"closed","template":"","meta":{"_acf_changed":false,"_et_pb_use_builder":"on","_et_pb_old_content":"","_et_gb_content_width":"","footnotes":""},"class_list":["post-242239","page","type-page","status-publish","hentry"],"acf":[],"_links":{"self":[{"href":"https:\/\/project-logistics.at\/en\/wp-json\/wp\/v2\/pages\/242239"}],"collection":[{"href":"https:\/\/project-logistics.at\/en\/wp-json\/wp\/v2\/pages"}],"about":[{"href":"https:\/\/project-logistics.at\/en\/wp-json\/wp\/v2\/types\/page"}],"author":[{"embeddable":true,"href":"https:\/\/project-logistics.at\/en\/wp-json\/wp\/v2\/users\/1"}],"replies":[{"embeddable":true,"href":"https:\/\/project-logistics.at\/en\/wp-json\/wp\/v2\/comments?post=242239"}],"version-history":[{"count":17,"href":"https:\/\/project-logistics.at\/en\/wp-json\/wp\/v2\/pages\/242239\/revisions"}],"predecessor-version":[{"id":242956,"href":"https:\/\/project-logistics.at\/en\/wp-json\/wp\/v2\/pages\/242239\/revisions\/242956"}],"wp:attachment":[{"href":"https:\/\/project-logistics.at\/en\/wp-json\/wp\/v2\/media?parent=242239"}],"curies":[{"name":"wp","href":"https:\/\/api.w.org\/{rel}","templated":true}]}}