{"id":242193,"date":"2022-06-18T19:37:59","date_gmt":"2022-06-18T19:37:59","guid":{"rendered":"http:\/\/project-logistics.at\/?page_id=242193"},"modified":"2023-04-12T12:27:45","modified_gmt":"2023-04-12T12:27:45","slug":"seefracht","status":"publish","type":"page","link":"https:\/\/project-logistics.at\/en\/seefracht\/","title":{"rendered":"Sea freight"},"content":{"rendered":"<p>[et_pb_section fb_built=&#8220;1&#8243; _builder_version=&#8220;4.17.4&#8243; _module_preset=&#8220;default&#8220; background_enable_color=&#8220;off&#8220; use_background_color_gradient=&#8220;on&#8220; background_color_gradient_stops=&#8220;#00a5a5 0%|rgba(41,196,169,0.16) 36%&#8220; background_color_gradient_overlays_image=&#8220;on&#8220; background_image=&#8220;https:\/\/project-logistics.at\/wp-content\/uploads\/2022\/06\/Containerschiff_cropped.jpg&#8220; background_position=&#8220;center_right&#8220; background_horizontal_offset=&#8220;26%&#8220; z_index=&#8220;4&#8243; custom_margin=&#8220;0px||0px||false|false&#8220; custom_padding=&#8220;0px||0px||false|false&#8220; top_divider_color=&#8220;#FFFFFF&#8220; top_divider_height=&#8220;3em&#8220; top_divider_flip=&#8220;horizontal&#8220; top_divider_color_tablet=&#8220;#ffffff&#8220; top_divider_color_phone=&#8220;#FFFFFF&#8220; top_divider_color_last_edited=&#8220;on|phone&#8220; top_divider_height_tablet=&#8220;3em&#8220; top_divider_height_phone=&#8220;2em&#8220; top_divider_height_last_edited=&#8220;on|phone&#8220; bottom_divider_style=&#8220;arrow2&#8243; bottom_divider_color=&#8220;#FFFFFF&#8220; bottom_divider_height=&#8220;3em&#8220; bottom_divider_height_tablet=&#8220;3em&#8220; bottom_divider_height_phone=&#8220;3em&#8220; bottom_divider_height_last_edited=&#8220;on|desktop&#8220; background_last_edited=&#8220;on|phone&#8220; background_position_phone=&#8220;center_right&#8220; background_horizontal_offset_phone=&#8220;3%&#8220; global_colors_info=&#8220;{}&#8220;][et_pb_row _builder_version=&#8220;4.17.4&#8243; _module_preset=&#8220;default&#8220; custom_padding=&#8220;0px||0px||false|false&#8220; global_colors_info=&#8220;{}&#8220;][et_pb_column type=&#8220;4_4&#8243; _builder_version=&#8220;4.17.4&#8243; _module_preset=&#8220;default&#8220; global_colors_info=&#8220;{}&#8220;][et_pb_text _builder_version=&#8220;4.17.4&#8243; _module_preset=&#8220;default&#8220; custom_padding=&#8220;25vh||15vh||false|false&#8220; custom_padding_tablet=&#8220;15vh||15vh||false|false&#8220; custom_padding_phone=&#8220;15vh||||false|false&#8220; custom_padding_last_edited=&#8220;on|phone&#8220; global_colors_info=&#8220;{}&#8220;][\/et_pb_text][\/et_pb_column][\/et_pb_row][\/et_pb_section][et_pb_section fb_built=&#8220;1&#8243; custom_padding_last_edited=&#8220;on|phone&#8220; _builder_version=&#8220;4.17.4&#8243; _module_preset=&#8220;default&#8220; custom_padding_tablet=&#8220;3vh||0px||false|false&#8220; custom_padding_phone=&#8220;4vh||1px||false|false&#8220; global_colors_info=&#8220;{}&#8220;][et_pb_row _builder_version=&#8220;4.17.4&#8243; _module_preset=&#8220;default&#8220; custom_padding=&#8220;0px||0px||false|false&#8220; global_colors_info=&#8220;{}&#8220;][et_pb_column type=&#8220;4_4&#8243; _builder_version=&#8220;4.17.4&#8243; _module_preset=&#8220;default&#8220; global_colors_info=&#8220;{}&#8220;][et_pb_divider show_divider=&#8220;off&#8220; _builder_version=&#8220;4.17.4&#8243; _module_preset=&#8220;default&#8220; custom_margin=&#8220;5vh||||false|false&#8220; custom_margin_tablet=&#8220;0vh||||false|false&#8220; custom_margin_phone=&#8220;0vh||||false|false&#8220; custom_margin_last_edited=&#8220;on|tablet&#8220; custom_padding=&#8220;0px||0px||false|false&#8220; global_colors_info=&#8220;{}&#8220;][\/et_pb_divider][\/et_pb_column][\/et_pb_row][et_pb_row _builder_version=&#8220;4.17.4&#8243; _module_preset=&#8220;default&#8220; custom_padding=&#8220;0px||0px||false|false&#8220; global_colors_info=&#8220;{}&#8220;][et_pb_column type=&#8220;4_4&#8243; _builder_version=&#8220;4.17.4&#8243; _module_preset=&#8220;default&#8220; global_colors_info=&#8220;{}&#8220;][et_pb_text _builder_version=&#8220;4.17.4&#8243; _module_preset=&#8220;default&#8220; text_font_size=&#8220;18px&#8220; global_colors_info=&#8220;{}&#8220;]<\/p>\n<h1 style=\"text-align: left;\"><strong>Sea freight. <br \/><\/strong><\/h1>\n<p>[\/et_pb_text][\/et_pb_column][\/et_pb_row][\/et_pb_section][et_pb_section fb_built=&#8220;1&#8243; custom_padding_last_edited=&#8220;on|tablet&#8220; _builder_version=&#8220;4.17.4&#8243; _module_preset=&#8220;default&#8220; custom_padding_tablet=&#8220;0px||0px||false|false&#8220; custom_padding_phone=&#8220;0px||0px||false|false&#8220; global_colors_info=&#8220;{}&#8220;][et_pb_row column_structure=&#8220;1_2,1_2&#8243; use_custom_gutter=&#8220;on&#8220; gutter_width=&#8220;1&#8243; make_equal=&#8220;on&#8220; _builder_version=&#8220;4.17.4&#8243; _module_preset=&#8220;default&#8220; global_colors_info=&#8220;{}&#8220;][et_pb_column type=&#8220;1_2&#8243; _builder_version=&#8220;4.17.4&#8243; _module_preset=&#8220;default&#8220; background_color=&#8220;#FFFFFF&#8220; custom_padding=&#8220;3%|3%|3%|0%|false|false&#8220; custom_padding_tablet=&#8220;0%|0%|0%||false|false&#8220; custom_padding_phone=&#8220;|||0px|false|false&#8220; custom_padding_last_edited=&#8220;on|phone&#8220; global_colors_info=&#8220;{}&#8220;][et_pb_text _builder_version=&#8220;4.17.4&#8243; _module_preset=&#8220;default&#8220; width=&#8220;100%&#8220; width_tablet=&#8220;100%&#8220; width_phone=&#8220;100%&#8220; width_last_edited=&#8220;on|desktop&#8220; custom_padding=&#8220;|4vw|||false|false&#8220; custom_padding_tablet=&#8220;|0vw|4vh||false|false&#8220; custom_padding_phone=&#8220;|0vw|5vh||false|false&#8220; custom_padding_last_edited=&#8220;on|phone&#8220; global_colors_info=&#8220;{}&#8220;]<\/p>\n<p>Global maritime transport is an essential part of our economy in today's world, and international trade is a massive cornerstone of it. (Due to ongoing globalization, it has never been easier to conduct business with third countries.)<\/p>\n<p>With us, you have an experienced logistics expert by your side to assist you. From LCL to oversized special transports, we offer our customers proven overall solutions for imports and exports.<\/p>\n<p>We handle container pre- and post-carriages in-house (whether intermodal or by truck) with selected subcontractors and do not hand over your goods.<\/p>\n<p>Furthermore, we advise you on letter of credit-compliant processing, transport insurance, and export packaging.<\/p>\n<p>[\/et_pb_text][\/et_pb_column][et_pb_column type=&#8220;1_2&#8243; _builder_version=&#8220;4.17.4&#8243; _module_preset=&#8220;default&#8220; background_color=&#8220;#D5E9E9&#8243; custom_padding=&#8220;3%|3%|3%|3%|false|false&#8220; custom_padding_tablet=&#8220;5%||||false|false&#8220; custom_padding_phone=&#8220;5%|5%||5%|false|true&#8220; custom_padding_last_edited=&#8220;on|phone&#8220; global_colors_info=&#8220;{}&#8220;][et_pb_text _builder_version=&#8220;4.17.4&#8243; _module_preset=&#8220;default&#8220; custom_margin=&#8220;||20px|||&#8220; global_colors_info=&#8220;{}&#8220;]<\/p>\n<h3 class=\"c-margin-t-50 c-margin-b-50 luftsee\" style=\"text-align: left;\"><strong>Complete handling of your sea freight.<\/strong><\/h3>\n<p>[\/et_pb_text][et_pb_text _builder_version=&#8220;4.17.4&#8243; _module_preset=&#8220;default&#8220; global_colors_info=&#8220;{}&#8220;]<\/p>\n<div class=\"c-content-title-1\"><\/div>\n<div class=\"row\">\n<div class=\"col-sm-4 wow animate fadeInUp\">\n<ul class=\"c-content-list-1 c-separator-dot\">\n<li>Direct Services<\/li>\n<li>Sea\/Air - Services<\/li>\n<\/ul>\n<\/div>\n<div class=\"col-sm-4 wow animate fadeInUp\" data-wow-delay=\"0.2s\">\n<ul class=\"c-content-list-1 c-separator-dot\">\n<li>L\/C-Handling<\/li>\n<li>FCL\/FCL Container<\/li>\n<\/ul>\n<\/div>\n<div class=\"col-sm-4 wow animate fadeInUp\" data-wow-delay=\"0.4s\">\n<ul class=\"c-content-list-1 c-separator-dot\">\n<li>LCL\/LCL Consolidated Container<\/li>\n<\/ul>\n<\/div>\n<\/div>\n<p>[\/et_pb_text][\/et_pb_column][\/et_pb_row][\/et_pb_section][et_pb_section fb_built=&#8220;1&#8243; custom_padding_last_edited=&#8220;on|desktop&#8220; _builder_version=&#8220;4.17.4&#8243; _module_preset=&#8220;default&#8220; custom_padding=&#8220;||2vh||false|false&#8220; custom_padding_tablet=&#8220;||1vh||false|false&#8220; custom_padding_phone=&#8220;||0vh||false|false&#8220; global_colors_info=&#8220;{}&#8220;][et_pb_row _builder_version=&#8220;4.17.4&#8243; _module_preset=&#8220;default&#8220; custom_padding=&#8220;15px||18px|||&#8220; global_colors_info=&#8220;{}&#8220;][et_pb_column type=&#8220;4_4&#8243; _builder_version=&#8220;4.17.4&#8243; _module_preset=&#8220;default&#8220; global_colors_info=&#8220;{}&#8220;][et_pb_divider color=&#8220;#F0F0F0&#8243; _builder_version=&#8220;4.17.4&#8243; _module_preset=&#8220;default&#8220; custom_margin=&#8220;4vh||2vh||false|false&#8220; custom_margin_tablet=&#8220;0vh||0vh||false|false&#8220; custom_margin_phone=&#8220;-2vh||-2vh||false|false&#8220; custom_margin_last_edited=&#8220;on|tablet&#8220; global_colors_info=&#8220;{}&#8220;][\/et_pb_divider][\/et_pb_column][\/et_pb_row][\/et_pb_section][et_pb_section fb_built=&#8220;1&#8243; custom_padding_last_edited=&#8220;on|desktop&#8220; _builder_version=&#8220;4.17.4&#8243; _module_preset=&#8220;default&#8220; custom_padding=&#8220;0px||0px||false|false&#8220; custom_padding_tablet=&#8220;0px||0px||false|false&#8220; custom_padding_phone=&#8220;0px||0px||false|false&#8220; global_colors_info=&#8220;{}&#8220;][et_pb_row column_structure=&#8220;1_2,1_2&#8243; use_custom_gutter=&#8220;on&#8220; gutter_width=&#8220;1&#8243; make_equal=&#8220;on&#8220; _builder_version=&#8220;4.17.4&#8243; _module_preset=&#8220;default&#8220; width=&#8220;100%&#8220; module_alignment=&#8220;center&#8220; custom_margin=&#8220;0px|0px||0px|false|false&#8220; custom_margin_tablet=&#8220;||3vh||false|false&#8220; custom_margin_phone=&#8220;||3vh||false|false&#8220; custom_margin_last_edited=&#8220;on|tablet&#8220; custom_padding=&#8220;0px|0px|0px|0px|false|false&#8220; custom_css_main_element=&#8220;display:flex;||align-items: center;&#8220; global_colors_info=&#8220;{}&#8220;][et_pb_column type=&#8220;1_2&#8243; _builder_version=&#8220;4.17.4&#8243; _module_preset=&#8220;default&#8220; border_width_right=&#8220;1px&#8220; border_color_right=&#8220;#AAAAAA&#8220; global_colors_info=&#8220;{}&#8220;][et_pb_button button_url=&#8220;@ET-DC@eyJkeW5hbWljIjp0cnVlLCJjb250ZW50IjoicG9zdF9saW5rX3VybF9wYWdlIiwic2V0dGluZ3MiOnsicG9zdF9pZCI6IjI0MjI0NCJ9fQ==@&#8220; button_text=&#8220;Zollabwicklung&#8220; button_alignment=&#8220;right&#8220; _builder_version=&#8220;4.17.4&#8243; _dynamic_attributes=&#8220;button_url&#8220; _module_preset=&#8220;default&#8220; custom_button=&#8220;on&#8220; button_text_color=&#8220;#2B2B2B&#8220; button_bg_color=&#8220;RGBA(255,255,255,0)&#8220; button_border_width=&#8220;1px&#8220; button_border_color=&#8220;RGBA(255,255,255,0)&#8220; button_border_radius=&#8220;1px&#8220; button_icon=&#8220;&#x23;||divi||400&#8243; button_icon_placement=&#8220;left&#8220; button_on_hover=&#8220;off&#8220; custom_margin=&#8220;|4vw|||false|false&#8220; custom_margin_tablet=&#8220;|4vw|||false|false&#8220; custom_margin_phone=&#8220;|3vw|||false|false&#8220; custom_margin_last_edited=&#8220;on|phone&#8220; custom_padding=&#8220;0px||0px||false|false&#8220; button_text_color_last_edited=&#8220;off|desktop&#8220; button_bg_color_tablet=&#8220;RGBA(255,255,255,0)&#8220; button_bg_color_phone=&#8220;RGBA(255,255,255,0)&#8220; button_bg_color_last_edited=&#8220;on|desktop&#8220; global_colors_info=&#8220;{}&#8220; button_text_color__hover_enabled=&#8220;on|desktop&#8220; button_bg_color__hover_enabled=&#8220;on|hover&#8220; button_border_width__hover_enabled=&#8220;on|desktop&#8220; button_border_width__hover=&#8220;1px&#8220; button_border_color__hover_enabled=&#8220;on|hover&#8220; button_border_color__hover=&#8220;#787878&#8243; button_bg_color__hover=&#8220;RGBA(255,255,255,0)&#8220; button_bg_enable_color__hover=&#8220;on&#8220; button_text_color__hover=&#8220;#2B2B2B&#8220;][\/et_pb_button][\/et_pb_column][et_pb_column type=&#8220;1_2&#8243; admin_label=&#8220;Spalte&#8220; _builder_version=&#8220;4.17.4&#8243; _module_preset=&#8220;default&#8220; global_colors_info=&#8220;{}&#8220;][et_pb_button button_url=&#8220;@ET-DC@eyJkeW5hbWljIjp0cnVlLCJjb250ZW50IjoicG9zdF9saW5rX3VybF9wYWdlIiwic2V0dGluZ3MiOnsicG9zdF9pZCI6IjI0MjIzMSJ9fQ==@&#8220; button_text=&#8220;Bahnverkehr&#8220; button_alignment=&#8220;left&#8220; admin_label=&#8220;Button&#8220; _builder_version=&#8220;4.17.4&#8243; _dynamic_attributes=&#8220;button_url&#8220; _module_preset=&#8220;default&#8220; custom_button=&#8220;on&#8220; button_text_color=&#8220;#2B2B2B&#8220; button_bg_color=&#8220;RGBA(255,255,255,0)&#8220; button_border_width=&#8220;1px&#8220; button_border_color=&#8220;RGBA(255,255,255,0)&#8220; button_border_radius=&#8220;1px&#8220; button_icon=&#8220;&#x24;||divi||400&#8243; button_on_hover=&#8220;off&#8220; custom_margin=&#8220;|||5vw|false|false&#8220; custom_margin_tablet=&#8220;|||4vw|false|false&#8220; custom_margin_phone=&#8220;|||3vw|false|false&#8220; custom_margin_last_edited=&#8220;on|phone&#8220; button_text_color_last_edited=&#8220;off|desktop&#8220; button_bg_color_tablet=&#8220;RGBA(255,255,255,0)&#8220; button_bg_color_phone=&#8220;RGBA(255,255,255,0)&#8220; button_bg_color_last_edited=&#8220;on|desktop&#8220; global_colors_info=&#8220;{}&#8220; button_text_color__hover_enabled=&#8220;on|desktop&#8220; button_bg_color__hover_enabled=&#8220;on|hover&#8220; button_border_width__hover_enabled=&#8220;on|desktop&#8220; button_border_width__hover=&#8220;1px&#8220; button_border_color__hover_enabled=&#8220;on|hover&#8220; button_border_color__hover=&#8220;#787878&#8243; button_bg_color__hover=&#8220;RGBA(255,255,255,0)&#8220; button_bg_enable_color__hover=&#8220;on&#8220; button_text_color__hover=&#8220;#2B2B2B&#8220;][\/et_pb_button][\/et_pb_column][\/et_pb_row][\/et_pb_section][et_pb_section fb_built=&#8220;1&#8243; _builder_version=&#8220;4.17.4&#8243; _module_preset=&#8220;default&#8220; background_color=&#8220;#2B2B2B&#8220; z_index=&#8220;4&#8243; custom_margin=&#8220;2vh||0px||false|false&#8220; custom_margin_tablet=&#8220;2vh||0px||false|false&#8220; custom_margin_phone=&#8220;2vh||0px||false|false&#8220; custom_margin_last_edited=&#8220;on|phone&#8220; custom_padding=&#8220;0px||0px||false|false&#8220; top_divider_style=&#8220;arrow2&#8243; top_divider_color=&#8220;#FFFFFF&#8220; top_divider_height=&#8220;3em&#8220; top_divider_flip=&#8220;horizontal&#8220; top_divider_color_tablet=&#8220;#ffffff&#8220; top_divider_color_phone=&#8220;#FFFFFF&#8220; top_divider_color_last_edited=&#8220;on|phone&#8220; top_divider_height_tablet=&#8220;3em&#8220; top_divider_height_phone=&#8220;2em&#8220; top_divider_height_last_edited=&#8220;on|phone&#8220; bottom_divider_color=&#8220;#F0F0F0&#8243; bottom_divider_height=&#8220;76px&#8220; bottom_divider_flip=&#8220;vertical&#8220; global_colors_info=&#8220;{}&#8220;][et_pb_row _builder_version=&#8220;4.17.4&#8243; _module_preset=&#8220;default&#8220; custom_padding=&#8220;0px||0px||false|false&#8220; global_colors_info=&#8220;{}&#8220;][et_pb_column type=&#8220;4_4&#8243; _builder_version=&#8220;4.17.4&#8243; _module_preset=&#8220;default&#8220; global_colors_info=&#8220;{}&#8220;][et_pb_text _builder_version=&#8220;4.17.4&#8243; _module_preset=&#8220;default&#8220; custom_padding=&#8220;50px||5px||false|false&#8220; global_colors_info=&#8220;{}&#8220;][\/et_pb_text][et_pb_text _builder_version=&#8220;4.17.4&#8243; _module_preset=&#8220;default&#8220; custom_padding=&#8220;50px||5px||false|false&#8220; global_colors_info=&#8220;{}&#8220;][\/et_pb_text][\/et_pb_column][\/et_pb_row][\/et_pb_section]<\/p>","protected":false},"excerpt":{"rendered":"<p>Seefracht. Globaler Seeverkehr ist in unserer heutigen Zeit nicht mehr wegzudenken und internationaler Handel ein massiver Eckpfeiler unserer Wirtschaft. (Durch die anhaltende Globalisierung war es noch nie so einfach, Gesch\u00e4fte mit Drittl\u00e4ndern abzuwickeln.) Mit uns steht Ihnen ein erfahrener Logistiker mit Rat und Tat zur Seite. Von LCL bis \u00dcbergr\u00f6\u00dfen Sondertransporte bieten wir unseren Kunden [&hellip;]<\/p>","protected":false},"author":1,"featured_media":0,"parent":0,"menu_order":5,"comment_status":"closed","ping_status":"closed","template":"","meta":{"_acf_changed":false,"_et_pb_use_builder":"on","_et_pb_old_content":"","_et_gb_content_width":"","footnotes":""},"class_list":["post-242193","page","type-page","status-publish","hentry"],"acf":[],"_links":{"self":[{"href":"https:\/\/project-logistics.at\/en\/wp-json\/wp\/v2\/pages\/242193"}],"collection":[{"href":"https:\/\/project-logistics.at\/en\/wp-json\/wp\/v2\/pages"}],"about":[{"href":"https:\/\/project-logistics.at\/en\/wp-json\/wp\/v2\/types\/page"}],"author":[{"embeddable":true,"href":"https:\/\/project-logistics.at\/en\/wp-json\/wp\/v2\/users\/1"}],"replies":[{"embeddable":true,"href":"https:\/\/project-logistics.at\/en\/wp-json\/wp\/v2\/comments?post=242193"}],"version-history":[{"count":31,"href":"https:\/\/project-logistics.at\/en\/wp-json\/wp\/v2\/pages\/242193\/revisions"}],"predecessor-version":[{"id":242914,"href":"https:\/\/project-logistics.at\/en\/wp-json\/wp\/v2\/pages\/242193\/revisions\/242914"}],"wp:attachment":[{"href":"https:\/\/project-logistics.at\/en\/wp-json\/wp\/v2\/media?parent=242193"}],"curies":[{"name":"wp","href":"https:\/\/api.w.org\/{rel}","templated":true}]}}